{"id":175,"date":"2025-03-22T16:21:35","date_gmt":"2025-03-22T15:21:35","guid":{"rendered":"https:\/\/backintime.dk\/?page_id=175"},"modified":"2025-04-06T18:36:47","modified_gmt":"2025-04-06T16:36:47","slug":"front_page","status":"publish","type":"page","link":"https:\/\/backintime.dk\/","title":{"rendered":"Forside"},"content":{"rendered":"\n<figure class=\"wp-block-image size-large\"><img fetchpriority=\"high\" decoding=\"async\" width=\"1024\" height=\"331\" src=\"https:\/\/backintime.dk\/wp-content\/uploads\/2025\/03\/Redegeret02-1024x331.jpg\" alt=\"\" class=\"wp-image-230\" srcset=\"https:\/\/backintime.dk\/wp-content\/uploads\/2025\/03\/Redegeret02-1024x331.jpg 1024w, https:\/\/backintime.dk\/wp-content\/uploads\/2025\/03\/Redegeret02-300x97.jpg 300w, https:\/\/backintime.dk\/wp-content\/uploads\/2025\/03\/Redegeret02-768x248.jpg 768w, https:\/\/backintime.dk\/wp-content\/uploads\/2025\/03\/Redegeret02-1536x496.jpg 1536w, https:\/\/backintime.dk\/wp-content\/uploads\/2025\/03\/Redegeret02-2048x662.jpg 2048w\" sizes=\"(max-width: 1024px) 100vw, 1024px\" \/><\/figure>\n\n\n\n<p><strong>Oplev Back In Time \u2013 En Musikalsk Rejse Gennem 70\u2019erne og 80\u2019erne!<\/strong><\/p>\n\n\n\n<p>Er du klar til at blive transporteret tilbage til en tid, hvor musikken blev skabt med sj\u00e6l og passion? <em>Back In Time<\/em> hylder de legendariske rockklassikere og danske hits fra slut 70\u2019erne og 80\u2019erne, og vi er klar til at tage dig med p\u00e5 en uforglemmelig rejse gennem tidens mest ikoniske melodier!<\/p>\n\n\n\n<p><strong>International Rock<\/strong><br>G\u00f8r dig klar til tidl\u00f8s rock fra bands som Thin Lizzy, Bon Jovi og Survivor. Vi tager dig med p\u00e5 en tur gennem hits fra Toto, Eric Clapton og The Police, og bringer den guitardrevne lyd til live!<\/p>\n\n\n\n<p><strong>Danske Favoritter<\/strong><br>Den danske musikscene f\u00e5r ogs\u00e5 sin velfortjente plads! Vi synger med p\u00e5 klassiske numre fra Gnags, TV-2 og Shu-Bi-Dua, og vi er klar til at ryste dansegulvet med hits fra Bryan Adams, Van Halen og Huey Lewis &amp; The News. Det bliver en fest, du ikke vil g\u00e5 glip af!<\/p>\n\n\n\n<p><strong>\ud83c\udfb6<\/strong><strong> En Uforglemmelig Oplevelse<\/strong><br>Fra bl\u00f8de ballader til energisk rock \u2013 vi garanterer en oplevelse fyldt med musik, entusiasme og masser af god stemning. For blueselskere byder vi p\u00e5 fantastiske toner fra Santana og Stevie Ray Vaughan, og vi tilf\u00f8jer et drys af 90\u2019ernes lydbillede med hits fra Big Fat Snake og Volbeat.<\/p>\n\n\n\n<p><strong>Book Nu!<\/strong><br>Er du klar til at opleve musikken fra de gyldne \u00e5rtier som aldrig f\u00f8r? Kontakt os for booking, og lad os sammen skabe en aften fyldt med musik og minder, der varer ved!<\/p>\n\n\n\n<p><\/p>\n","protected":false},"excerpt":{"rendered":"<p>Oplev Back In Time \u2013 En Musikalsk Rejse Gennem 70\u2019erne og 80\u2019erne! Er du klar til at blive transporteret tilbage til en tid, hvor musikken blev skabt med sj\u00e6l og passion? Back In Time hylder de legendariske rockklassikere og danske hits fra slut 70\u2019erne og 80\u2019erne, og vi er klar til at tage dig med &hellip; <\/p>\n","protected":false},"author":4,"featured_media":0,"parent":0,"menu_order":0,"comment_status":"closed","ping_status":"closed","template":"","meta":{"footnotes":""},"class_list":["post-175","page","type-page","status-publish","hentry"],"_links":{"self":[{"href":"https:\/\/backintime.dk\/index.php?rest_route=\/wp\/v2\/pages\/175","targetHints":{"allow":["GET"]}}],"collection":[{"href":"https:\/\/backintime.dk\/index.php?rest_route=\/wp\/v2\/pages"}],"about":[{"href":"https:\/\/backintime.dk\/index.php?rest_route=\/wp\/v2\/types\/page"}],"author":[{"embeddable":true,"href":"https:\/\/backintime.dk\/index.php?rest_route=\/wp\/v2\/users\/4"}],"replies":[{"embeddable":true,"href":"https:\/\/backintime.dk\/index.php?rest_route=%2Fwp%2Fv2%2Fcomments&post=175"}],"version-history":[{"count":3,"href":"https:\/\/backintime.dk\/index.php?rest_route=\/wp\/v2\/pages\/175\/revisions"}],"predecessor-version":[{"id":307,"href":"https:\/\/backintime.dk\/index.php?rest_route=\/wp\/v2\/pages\/175\/revisions\/307"}],"wp:attachment":[{"href":"https:\/\/backintime.dk\/index.php?rest_route=%2Fwp%2Fv2%2Fmedia&parent=175"}],"curies":[{"name":"wp","href":"https:\/\/api.w.org\/{rel}","templated":true}]}}